{"id":17877,"date":"2019-08-13T14:50:37","date_gmt":"2019-08-13T11:50:37","guid":{"rendered":"https:\/\/nanohap.eu\/toode\/for-teeth-nanohap-dental\/"},"modified":"2025-08-20T18:35:53","modified_gmt":"2025-08-20T15:35:53","slug":"for-teeth-nanohap-dental","status":"publish","type":"product","link":"https:\/\/nanohap.eu\/en\/toode\/for-teeth-nanohap-dental\/","title":{"rendered":"For teeth: NANOHAP\u2122 Dental"},"content":{"rendered":"\t\t<div data-elementor-type=\"product-post\" data-elementor-id=\"17877\" class=\"elementor elementor-17877 elementor-12664\" data-elementor-post-type=\"product\">\n\t\t\t\t\t\t<section class=\"elementor-section elementor-top-section elementor-element elementor-element-32b5a8d9 elementor-section-boxed elementor-section-height-default elementor-section-height-default\" data-id=\"32b5a8d9\" data-element_type=\"section\">\n\t\t\t\t\t\t<div class=\"elementor-container elementor-column-gap-default\">\n\t\t\t\t\t<div class=\"elementor-column elementor-col-100 elementor-top-column elementor-element elementor-element-3a65611d\" data-id=\"3a65611d\" data-element_type=\"column\">\n\t\t\t<div class=\"elementor-widget-wrap elementor-element-populated\">\n\t\t\t\t\t\t<div class=\"elementor-element elementor-element-58011b20 elementor-widget elementor-widget-text-editor\" data-id=\"58011b20\" data-element_type=\"widget\" data-widget_type=\"text-editor.default\">\n\t\t\t\t<div class=\"elementor-widget-container\">\n\t\t\t\t\t\t\t\t\t<h2>NANOHAP\u2122 Dental covers open tube entrances on the surface of damaged tooth enamel<\/h2><p><em>NANOHAP\u2122 Dental<\/em> covers open tube entrances on the surface of damaged tooth enamel and exposed root necks, therefore hypersensitivity disappears.<\/p><p><strong>NANOHAP\u2122 Dental affects:<\/strong><\/p><p>&#8211; acidity of the oral cavity<br>&#8211; helps to reduce the amount of bacteria because nanoparticles have an antibacterial effect on both gram-positive (e.g. <em>Staphylococcus aureus<\/em>) and gram-negative (e.g. <em>Escherichia coli<\/em>) microorganisms<br>&#8211; inhibits the bleeding of the gums and the formation of daily plaque and tartar.<\/p><p><strong>The enamel recovery process starts after about 10 minutes of use.<\/strong><\/p><p><em>NANOHAP\u2122<\/em> <em>Dental<\/em> is not an abrasive grinding or chemical whitening agent for teeth, but it fills and mineralizes the foci and cracks of the enamel surface damaged by acids, improving its smoothness and transparency.<\/p><p>After 4-6 weeks of use, the color and gloss of the teeth normalize, becoming individually less susceptible to both plaque and tanning agents.<\/p>\t\t\t\t\t\t\t\t<\/div>\n\t\t\t\t<\/div>\n\t\t\t\t\t<\/div>\n\t\t<\/div>\n\t\t\t\t\t<\/div>\n\t\t<\/section>\n\t\t\t\t<section class=\"elementor-section elementor-top-section elementor-element elementor-element-3aebcc0 elementor-section-boxed elementor-section-height-default elementor-section-height-default\" data-id=\"3aebcc0\" data-element_type=\"section\" id=\"video\">\n\t\t\t\t\t\t<div class=\"elementor-container elementor-column-gap-default\">\n\t\t\t\t\t<div class=\"elementor-column elementor-col-100 elementor-top-column elementor-element elementor-element-5a9f5a4\" data-id=\"5a9f5a4\" data-element_type=\"column\">\n\t\t\t<div class=\"elementor-widget-wrap elementor-element-populated\">\n\t\t\t\t\t\t<div class=\"elementor-element elementor-element-6094160 elementor-widget elementor-widget-heading\" data-id=\"6094160\" data-element_type=\"widget\" data-widget_type=\"heading.default\">\n\t\t\t\t<div class=\"elementor-widget-container\">\n\t\t\t\t\t<h2 class=\"elementor-heading-title elementor-size-default\">Watch a video about how NANOHAP\u2122 Dental works?<\/h2>\t\t\t\t<\/div>\n\t\t\t\t<\/div>\n\t\t\t\t<div class=\"elementor-element elementor-element-cb4ab5e elementor-widget-divider--view-line elementor-widget elementor-widget-divider\" data-id=\"cb4ab5e\" data-element_type=\"widget\" data-widget_type=\"divider.default\">\n\t\t\t\t<div class=\"elementor-widget-container\">\n\t\t\t\t\t\t\t<div class=\"elementor-divider\">\n\t\t\t<span class=\"elementor-divider-separator\">\n\t\t\t\t\t\t<\/span>\n\t\t<\/div>\n\t\t\t\t\t\t<\/div>\n\t\t\t\t<\/div>\n\t\t\t\t<div class=\"elementor-element elementor-element-5ee0bbe elementor-widget elementor-widget-video\" data-id=\"5ee0bbe\" data-element_type=\"widget\" data-settings=\"{&quot;video_type&quot;:&quot;hosted&quot;,&quot;show_image_overlay&quot;:&quot;yes&quot;,&quot;image_overlay&quot;:{&quot;url&quot;:&quot;https:\\\/\\\/nanohap.eu\\\/wp-content\\\/uploads\\\/2025\\\/08\\\/Nanohap-Dental-ENG-scaled-5.jpg&quot;,&quot;id&quot;:17782,&quot;size&quot;:&quot;&quot;,&quot;alt&quot;:&quot;NANOHAP\\u2122 Dental - kehaomane nanomaterjal hammastele&quot;,&quot;source&quot;:&quot;library&quot;},&quot;controls&quot;:&quot;yes&quot;}\" data-widget_type=\"video.default\">\n\t\t\t\t<div class=\"elementor-widget-container\">\n\t\t\t\t\t\t\t<div class=\"e-hosted-video elementor-wrapper elementor-open-inline\">\n\t\t\t\t\t<video class=\"elementor-video\" src=\"https:\/\/nanohap.eu\/wp-content\/uploads\/2020\/08\/NANOHAP-Dental-mo\u0303ju.mp4\" controls=\"\" preload=\"metadata\" controlsList=\"nodownload\"><\/video>\n\t\t\t\t\t\t<div class=\"elementor-custom-embed-image-overlay\" style=\"background-image: url(https:\/\/nanohap.eu\/wp-content\/uploads\/2025\/08\/Nanohap-Dental-ENG-scaled-5.jpg);\">\n\t\t\t\t\t\t\t\t\t\t\t\t\t\t\t\t<div class=\"elementor-custom-embed-play\" role=\"button\" aria-label=\"Play Video about NANOHAP\u2122 Dental - kehaomane nanomaterjal hammastele\" tabindex=\"0\">\n\t\t\t\t\t\t\t<i aria-hidden=\"true\" class=\"eicon-play\"><\/i>\t\t\t\t\t\t<\/div>\n\t\t\t\t\t\t\t\t\t<\/div>\n\t\t\t\t\t<\/div>\n\t\t\t\t\t\t<\/div>\n\t\t\t\t<\/div>\n\t\t\t\t<div class=\"elementor-element elementor-element-bfdd837 elementor-widget elementor-widget-text-editor\" data-id=\"bfdd837\" data-element_type=\"widget\" data-widget_type=\"text-editor.default\">\n\t\t\t\t<div class=\"elementor-widget-container\">\n\t\t\t\t\t\t\t\t\t<h2>NANOHAP\u2122 Dental \u201ework field\u201c<\/h2><p>Tooth enamel consists of millions of extremely small particles &#8211; nanocrystals &#8211; packed close together with a very precise regularity.<\/p><p>Healthy tooth enamel is translucent and teeth appear white because of the white dentin underneath. Demineralization of the enamel surface due to acids, plaque, tannins in food, microscopic scratches &#8211; all this not only reduces the shine, but also changes the color of the teeth. <\/p><p>Ultra-thin capillaries with a diameter of 1-2 microns run from the tooth enamel inward to the nerve. In a healthy tooth, the ends of the capillary tubes are closed with enamel, but in damaged enamel they are open and, extending through the dentin, can now transmit to the nerves the hydraulic shock caused by the temperature change in the tubes when hot or cold food is taken into the mouth. <\/p><p>The fluid in the capillary expands or contracts accordingly, irritating the nerve and causing the strong pain sensation we feel under tooth sensitivity. In the same way, strong tastes \u2013 sweet and sour \u2013 disturb the dental nerves through exposed root necks. <\/p><h2>Tooth enamel is not only made of calcium<\/h2><p><strong>It is believed that tooth enamel consists only of calcium<\/strong><\/p><p>The natural building crystals of our entire skeleton, including tooth enamel, consist of the chemical compound hydroxyapatite, which contains phosphorus as well as calcium. Calcium makes up 60-70% of our bone material, and tooth enamel consists of up to 90% of it. <\/p><p>Commonly available natural or supplemental calcium is not a version of calcium that the body can use immediately. He has to process it into a form suitable for him, which means an additional expenditure of energy and time for the body, and the sufficient availability of the necessary catalyst components such as vitamin D and magnesium. <\/p><p>The question is the size of the constituents of the absorbed substance. All normal calcium particles are measured in microns &#8211; <strong>micro<\/strong>-dimensional, but the structural crystals actually used in our bones and teeth are an order of magnitude smaller &#8211; <strong>nano<\/strong>metric. <\/p><p>( 1 micrometer is a <em>millionth<\/em> of a meter, or 10<sup>-6<\/sup> m; a nanometer is 1 <em>billionth<\/em> of a meter, or 10<sup>-9<\/sup> m.) For comparison: one nanometer is the same size relative to a meter as a football is relative to the globe.<\/p><p><em>NANOHAP\u2122 Dental <\/em>is an exact copy of the natural building crystals of tooth enamel grown in the laboratory in terms of its composition, particle shape, size, and degree of crystallization, so it is a biologically compatible product that the body can use directly in its finished form, without additional procedures.<\/p><h2>Using NANOHAP\u2122 Dental<\/h2><p>Before using<em> NANOHAP\u2122 Dental<\/em>, the teeth should be brushed and brushed to remove plaque from the enamel surface. Take a whole capsule in your mouth and dissolve it only in saliva, without water (like caramel candy). Move the saliva solution around the mouth so that the nanocrystals released from the dissolved capsule reach the surface of all teeth and also in the spaces between the teeth. The duration of the procedure is approx. 10 minutes at a time. It is recommended to use two capsules a day &#8211; one in the morning, one in the evening &#8211; suitable to be combined with regular tooth brushing.    <\/p><p>The <em>NANOHAP\u2122 Dental<\/em> package contains 30 white gelatin capsules and is designed for a 15-day treatment course to eliminate especially painful tooth sensitivity. For aesthetic purposes, use as a shed for longer periods of time. <\/p><p>It is recommended to be used every three months for prevention, to strengthen teeth, to reduce the formation of tartar and to maintain the quality of enamel.<\/p><h2>Safety of NANOHAP\u2122 Dental<\/h2><p>Unlike many other tools used in dental care, NANOHAP\u2122 Dental does not leave any &#8220;foreign&#8221; or toxic substances in the enamel, unlike, for example, fluoride, which is widely used in toothpastes. When using NANOHAP\u2122 <em>Dental<\/em>, a considerable amount of nanoparticles also pass from the mucous membranes of the mouth and pharynx through the cell walls directly into the blood, and the body uses this biologically perfect bone material both to ensure the necessary constant of Ca<sup>2+<\/sup> ions in the blood and to fill defects created directly in the bone tissue, contributing to the recovery of all bone density. Also, nanocrystals affect the rate of osteoblast formation from stem cells, thus they contribute to the biodegradation of tissue engineering jaw implants.  <\/p><p>Since the nanoparticles used in the product are identical to biological particles &#8211; inherent in the body &#8211; they do not have harmful side effects for the body.<\/p><p><strong>Give your body a chance to be healthy!<\/strong><\/p><p>The nanocrystals have been grown in Portugal by order of the manufacturer and according to the requirements.<\/p><h3>NANOHAP\u2122 Dental product labeling information:<\/h3><ul><li><strong>Ingredients<\/strong>: calcium salt of orthophosphoric acid (nanohydroxyapatite), gelatin<\/li><li><strong>Daily dose<\/strong>: 2 capsules, contains 15% of the reference daily amount of calcium. Do not exceed the dose! <\/li><li><strong>Usage<\/strong>: dissolve 1 capsule in the mouth in the morning. another in the evening. <\/li><li><strong>Warnings: <\/strong>The food supplement does not replace a varied diet. Keep out of the reach of children! Store at room temperature.  <\/li><li><strong>Manufacturer:<\/strong> Medicate Est O\u00dc, P\u00f5dra tn. 30 P\u00e4rnu. <\/li><li><strong>Country of origin:<\/strong> Estonia. Nanocrystals grown according to the manufacturer&#8217;s requirements in Portugal. <\/li><li><strong>Neto:<\/strong> 1900mg. 60 kapslit. <\/li><\/ul>\t\t\t\t\t\t\t\t<\/div>\n\t\t\t\t<\/div>\n\t\t\t\t\t<\/div>\n\t\t<\/div>\n\t\t\t\t\t<\/div>\n\t\t<\/section>\n\t\t\t\t<\/div>\n\t\t","protected":false},"excerpt":{"rendered":"<p>NANOHAP\u2122 Dental covers open tube entrances on the surface of damaged tooth enamel NANOHAP\u2122 Dental covers open tube entrances on the surface of damaged tooth enamel and exposed root necks, therefore hypersensitivity disappears. NANOHAP\u2122 Dental affects: &#8211; acidity of the oral cavity &#8211; helps to reduce the amount of bacteria because nanoparticles have an antibacterial [&hellip;]<\/p>\n","protected":false},"featured_media":17792,"comment_status":"closed","ping_status":"closed","template":"","meta":{"ocean_post_layout":"","ocean_both_sidebars_style":"","ocean_both_sidebars_content_width":0,"ocean_both_sidebars_sidebars_width":0,"ocean_sidebar":"0","ocean_second_sidebar":"0","ocean_disable_margins":"enable","ocean_add_body_class":"","ocean_shortcode_before_top_bar":"","ocean_shortcode_after_top_bar":"","ocean_shortcode_before_header":"","ocean_shortcode_after_header":"","ocean_has_shortcode":"","ocean_shortcode_after_title":"","ocean_shortcode_before_footer_widgets":"","ocean_shortcode_after_footer_widgets":"","ocean_shortcode_before_footer_bottom":"","ocean_shortcode_after_footer_bottom":"","ocean_display_top_bar":"default","ocean_display_header":"default","ocean_header_style":"","ocean_center_header_left_menu":"0","ocean_custom_header_template":"0","ocean_custom_logo":0,"ocean_custom_retina_logo":0,"ocean_custom_logo_max_width":0,"ocean_custom_logo_tablet_max_width":0,"ocean_custom_logo_mobile_max_width":0,"ocean_custom_logo_max_height":0,"ocean_custom_logo_tablet_max_height":0,"ocean_custom_logo_mobile_max_height":0,"ocean_header_custom_menu":"0","ocean_menu_typo_font_family":"0","ocean_menu_typo_font_subset":"","ocean_menu_typo_font_size":0,"ocean_menu_typo_font_size_tablet":0,"ocean_menu_typo_font_size_mobile":0,"ocean_menu_typo_font_size_unit":"px","ocean_menu_typo_font_weight":"","ocean_menu_typo_font_weight_tablet":"","ocean_menu_typo_font_weight_mobile":"","ocean_menu_typo_transform":"","ocean_menu_typo_transform_tablet":"","ocean_menu_typo_transform_mobile":"","ocean_menu_typo_line_height":0,"ocean_menu_typo_line_height_tablet":0,"ocean_menu_typo_line_height_mobile":0,"ocean_menu_typo_line_height_unit":"","ocean_menu_typo_spacing":0,"ocean_menu_typo_spacing_tablet":0,"ocean_menu_typo_spacing_mobile":0,"ocean_menu_typo_spacing_unit":"","ocean_menu_link_color":"","ocean_menu_link_color_hover":"","ocean_menu_link_color_active":"","ocean_menu_link_background":"","ocean_menu_link_hover_background":"","ocean_menu_link_active_background":"","ocean_menu_social_links_bg":"","ocean_menu_social_hover_links_bg":"","ocean_menu_social_links_color":"","ocean_menu_social_hover_links_color":"","ocean_disable_title":"default","ocean_disable_heading":"default","ocean_post_title":"","ocean_post_subheading":"","ocean_post_title_style":"","ocean_post_title_background_color":"","ocean_post_title_background":0,"ocean_post_title_bg_image_position":"","ocean_post_title_bg_image_attachment":"","ocean_post_title_bg_image_repeat":"","ocean_post_title_bg_image_size":"","ocean_post_title_height":0,"ocean_post_title_bg_overlay":0.5,"ocean_post_title_bg_overlay_color":"","ocean_disable_breadcrumbs":"default","ocean_breadcrumbs_color":"","ocean_breadcrumbs_separator_color":"","ocean_breadcrumbs_links_color":"","ocean_breadcrumbs_links_hover_color":"","ocean_display_footer_widgets":"default","ocean_display_footer_bottom":"default","ocean_custom_footer_template":"0","osh_disable_topbar_sticky":"default","osh_disable_header_sticky":"default","osh_sticky_header_style":"default","osh_sticky_header_effect":"","osh_custom_sticky_logo":0,"osh_custom_retina_sticky_logo":0,"osh_custom_sticky_logo_height":0,"osh_background_color":"","osh_links_color":"","osh_links_hover_color":"","osh_links_active_color":"","osh_links_bg_color":"","osh_links_hover_bg_color":"","osh_links_active_bg_color":"","osh_menu_social_links_color":"","osh_menu_social_hover_links_color":""},"product_brand":[],"product_cat":[88],"product_tag":[],"class_list":{"0":"post-17877","1":"product","2":"type-product","3":"status-publish","4":"has-post-thumbnail","6":"product_cat-for-teeth","8":"entry","9":"has-media","11":"first","12":"instock","13":"taxable","14":"shipping-taxable","15":"purchasable","16":"product-type-variable","17":"col","18":"span_1_of_3","19":"owp-content-center","20":"owp-thumbs-layout-horizontal","21":"owp-btn-big","22":"owp-tabs-layout-horizontal","23":"has-no-thumbnails"},"yoast_head":"<!-- This site is optimized with the Yoast SEO plugin v26.6 - https:\/\/yoast.com\/wordpress\/plugins\/seo\/ -->\n<title>NANOHAP\u2122 Dental - Intrinsic nanomaterial for teeth<\/title>\n<meta name=\"description\" content=\"NANOHAP\u2122 Dental covers open tube entrances on the surface of damaged tooth enamel and exposed root necks, therefore hypersensitivity disappears.\" \/>\n<meta name=\"robots\" content=\"index, follow, max-snippet:-1, max-image-preview:large, max-video-preview:-1\" \/>\n<link rel=\"canonical\" href=\"https:\/\/nanohap.eu\/en\/toode\/for-teeth-nanohap-dental\/\" \/>\n<meta property=\"og:locale\" content=\"en_US\" \/>\n<meta property=\"og:type\" content=\"article\" \/>\n<meta property=\"og:title\" content=\"NANOHAP\u2122 Dental - Intrinsic nanomaterial for teeth\" \/>\n<meta property=\"og:description\" content=\"NANOHAP\u2122 Dental covers open tube entrances on the surface of damaged tooth enamel and exposed root necks, therefore hypersensitivity disappears.\" \/>\n<meta property=\"og:url\" content=\"https:\/\/nanohap.eu\/en\/toode\/for-teeth-nanohap-dental\/\" \/>\n<meta property=\"og:site_name\" content=\"Nanohap\" \/>\n<meta property=\"article:modified_time\" content=\"2025-08-20T15:35:53+00:00\" \/>\n<meta property=\"og:image\" content=\"https:\/\/nanohap.eu\/wp-content\/uploads\/2025\/08\/Nanohap-Dental-ENG-scaled-1.jpg\" \/>\n\t<meta property=\"og:image:width\" content=\"1947\" \/>\n\t<meta property=\"og:image:height\" content=\"2560\" \/>\n\t<meta property=\"og:image:type\" content=\"image\/jpeg\" \/>\n<meta name=\"twitter:card\" content=\"summary_large_image\" \/>\n<meta name=\"twitter:label1\" content=\"Est. reading time\" \/>\n\t<meta name=\"twitter:data1\" content=\"6 minutes\" \/>\n<script type=\"application\/ld+json\" class=\"yoast-schema-graph\">{\"@context\":\"https:\/\/schema.org\",\"@graph\":[{\"@type\":\"WebPage\",\"@id\":\"https:\/\/nanohap.eu\/en\/toode\/for-teeth-nanohap-dental\/\",\"url\":\"https:\/\/nanohap.eu\/en\/toode\/for-teeth-nanohap-dental\/\",\"name\":\"NANOHAP\u2122 Dental - Intrinsic nanomaterial for teeth\",\"isPartOf\":{\"@id\":\"https:\/\/nanohap.eu\/en\/#website\"},\"primaryImageOfPage\":{\"@id\":\"https:\/\/nanohap.eu\/en\/toode\/for-teeth-nanohap-dental\/#primaryimage\"},\"image\":{\"@id\":\"https:\/\/nanohap.eu\/en\/toode\/for-teeth-nanohap-dental\/#primaryimage\"},\"thumbnailUrl\":\"https:\/\/nanohap.eu\/wp-content\/uploads\/2025\/08\/Nanohap-Dental-ENG-scaled-1.jpg\",\"datePublished\":\"2019-08-13T11:50:37+00:00\",\"dateModified\":\"2025-08-20T15:35:53+00:00\",\"description\":\"NANOHAP\u2122 Dental covers open tube entrances on the surface of damaged tooth enamel and exposed root necks, therefore hypersensitivity disappears.\",\"breadcrumb\":{\"@id\":\"https:\/\/nanohap.eu\/en\/toode\/for-teeth-nanohap-dental\/#breadcrumb\"},\"inLanguage\":\"en-US\",\"potentialAction\":[{\"@type\":\"ReadAction\",\"target\":[\"https:\/\/nanohap.eu\/en\/toode\/for-teeth-nanohap-dental\/\"]}]},{\"@type\":\"ImageObject\",\"inLanguage\":\"en-US\",\"@id\":\"https:\/\/nanohap.eu\/en\/toode\/for-teeth-nanohap-dental\/#primaryimage\",\"url\":\"https:\/\/nanohap.eu\/wp-content\/uploads\/2025\/08\/Nanohap-Dental-ENG-scaled-1.jpg\",\"contentUrl\":\"https:\/\/nanohap.eu\/wp-content\/uploads\/2025\/08\/Nanohap-Dental-ENG-scaled-1.jpg\",\"width\":1947,\"height\":2560},{\"@type\":\"BreadcrumbList\",\"@id\":\"https:\/\/nanohap.eu\/en\/toode\/for-teeth-nanohap-dental\/#breadcrumb\",\"itemListElement\":[{\"@type\":\"ListItem\",\"position\":1,\"name\":\"Home\",\"item\":\"https:\/\/nanohap.eu\/en\/\"},{\"@type\":\"ListItem\",\"position\":2,\"name\":\"Purchase\",\"item\":\"https:\/\/nanohap.eu\/en\/shop\/\"},{\"@type\":\"ListItem\",\"position\":3,\"name\":\"For teeth: NANOHAP\u2122 Dental\"}]},{\"@type\":\"WebSite\",\"@id\":\"https:\/\/nanohap.eu\/en\/#website\",\"url\":\"https:\/\/nanohap.eu\/en\/\",\"name\":\"Nanohap\",\"description\":\"Toidulisandite brandi toodete tutvustus ja e-pood.\",\"publisher\":{\"@id\":\"https:\/\/nanohap.eu\/en\/#organization\"},\"potentialAction\":[{\"@type\":\"SearchAction\",\"target\":{\"@type\":\"EntryPoint\",\"urlTemplate\":\"https:\/\/nanohap.eu\/en\/?s={search_term_string}\"},\"query-input\":{\"@type\":\"PropertyValueSpecification\",\"valueRequired\":true,\"valueName\":\"search_term_string\"}}],\"inLanguage\":\"en-US\"},{\"@type\":\"Organization\",\"@id\":\"https:\/\/nanohap.eu\/en\/#organization\",\"name\":\"Nanohap\",\"url\":\"https:\/\/nanohap.eu\/en\/\",\"logo\":{\"@type\":\"ImageObject\",\"inLanguage\":\"en-US\",\"@id\":\"https:\/\/nanohap.eu\/en\/#\/schema\/logo\/image\/\",\"url\":\"https:\/\/nanohap.eu\/wp-content\/uploads\/2019\/08\/logo1.png\",\"contentUrl\":\"https:\/\/nanohap.eu\/wp-content\/uploads\/2019\/08\/logo1.png\",\"width\":172,\"height\":50,\"caption\":\"Nanohap\"},\"image\":{\"@id\":\"https:\/\/nanohap.eu\/en\/#\/schema\/logo\/image\/\"}}]}<\/script>\n<!-- \/ Yoast SEO plugin. -->","yoast_head_json":{"title":"NANOHAP\u2122 Dental - Intrinsic nanomaterial for teeth","description":"NANOHAP\u2122 Dental covers open tube entrances on the surface of damaged tooth enamel and exposed root necks, therefore hypersensitivity disappears.","robots":{"index":"index","follow":"follow","max-snippet":"max-snippet:-1","max-image-preview":"max-image-preview:large","max-video-preview":"max-video-preview:-1"},"canonical":"https:\/\/nanohap.eu\/en\/toode\/for-teeth-nanohap-dental\/","og_locale":"en_US","og_type":"article","og_title":"NANOHAP\u2122 Dental - Intrinsic nanomaterial for teeth","og_description":"NANOHAP\u2122 Dental covers open tube entrances on the surface of damaged tooth enamel and exposed root necks, therefore hypersensitivity disappears.","og_url":"https:\/\/nanohap.eu\/en\/toode\/for-teeth-nanohap-dental\/","og_site_name":"Nanohap","article_modified_time":"2025-08-20T15:35:53+00:00","og_image":[{"width":1947,"height":2560,"url":"https:\/\/nanohap.eu\/wp-content\/uploads\/2025\/08\/Nanohap-Dental-ENG-scaled-1.jpg","type":"image\/jpeg"}],"twitter_card":"summary_large_image","twitter_misc":{"Est. reading time":"6 minutes"},"schema":{"@context":"https:\/\/schema.org","@graph":[{"@type":"WebPage","@id":"https:\/\/nanohap.eu\/en\/toode\/for-teeth-nanohap-dental\/","url":"https:\/\/nanohap.eu\/en\/toode\/for-teeth-nanohap-dental\/","name":"NANOHAP\u2122 Dental - Intrinsic nanomaterial for teeth","isPartOf":{"@id":"https:\/\/nanohap.eu\/en\/#website"},"primaryImageOfPage":{"@id":"https:\/\/nanohap.eu\/en\/toode\/for-teeth-nanohap-dental\/#primaryimage"},"image":{"@id":"https:\/\/nanohap.eu\/en\/toode\/for-teeth-nanohap-dental\/#primaryimage"},"thumbnailUrl":"https:\/\/nanohap.eu\/wp-content\/uploads\/2025\/08\/Nanohap-Dental-ENG-scaled-1.jpg","datePublished":"2019-08-13T11:50:37+00:00","dateModified":"2025-08-20T15:35:53+00:00","description":"NANOHAP\u2122 Dental covers open tube entrances on the surface of damaged tooth enamel and exposed root necks, therefore hypersensitivity disappears.","breadcrumb":{"@id":"https:\/\/nanohap.eu\/en\/toode\/for-teeth-nanohap-dental\/#breadcrumb"},"inLanguage":"en-US","potentialAction":[{"@type":"ReadAction","target":["https:\/\/nanohap.eu\/en\/toode\/for-teeth-nanohap-dental\/"]}]},{"@type":"ImageObject","inLanguage":"en-US","@id":"https:\/\/nanohap.eu\/en\/toode\/for-teeth-nanohap-dental\/#primaryimage","url":"https:\/\/nanohap.eu\/wp-content\/uploads\/2025\/08\/Nanohap-Dental-ENG-scaled-1.jpg","contentUrl":"https:\/\/nanohap.eu\/wp-content\/uploads\/2025\/08\/Nanohap-Dental-ENG-scaled-1.jpg","width":1947,"height":2560},{"@type":"BreadcrumbList","@id":"https:\/\/nanohap.eu\/en\/toode\/for-teeth-nanohap-dental\/#breadcrumb","itemListElement":[{"@type":"ListItem","position":1,"name":"Home","item":"https:\/\/nanohap.eu\/en\/"},{"@type":"ListItem","position":2,"name":"Purchase","item":"https:\/\/nanohap.eu\/en\/shop\/"},{"@type":"ListItem","position":3,"name":"For teeth: NANOHAP\u2122 Dental"}]},{"@type":"WebSite","@id":"https:\/\/nanohap.eu\/en\/#website","url":"https:\/\/nanohap.eu\/en\/","name":"Nanohap","description":"Toidulisandite brandi toodete tutvustus ja e-pood.","publisher":{"@id":"https:\/\/nanohap.eu\/en\/#organization"},"potentialAction":[{"@type":"SearchAction","target":{"@type":"EntryPoint","urlTemplate":"https:\/\/nanohap.eu\/en\/?s={search_term_string}"},"query-input":{"@type":"PropertyValueSpecification","valueRequired":true,"valueName":"search_term_string"}}],"inLanguage":"en-US"},{"@type":"Organization","@id":"https:\/\/nanohap.eu\/en\/#organization","name":"Nanohap","url":"https:\/\/nanohap.eu\/en\/","logo":{"@type":"ImageObject","inLanguage":"en-US","@id":"https:\/\/nanohap.eu\/en\/#\/schema\/logo\/image\/","url":"https:\/\/nanohap.eu\/wp-content\/uploads\/2019\/08\/logo1.png","contentUrl":"https:\/\/nanohap.eu\/wp-content\/uploads\/2019\/08\/logo1.png","width":172,"height":50,"caption":"Nanohap"},"image":{"@id":"https:\/\/nanohap.eu\/en\/#\/schema\/logo\/image\/"}}]}},"_links":{"self":[{"href":"https:\/\/nanohap.eu\/en\/wp-json\/wp\/v2\/product\/17877","targetHints":{"allow":["GET"]}}],"collection":[{"href":"https:\/\/nanohap.eu\/en\/wp-json\/wp\/v2\/product"}],"about":[{"href":"https:\/\/nanohap.eu\/en\/wp-json\/wp\/v2\/types\/product"}],"replies":[{"embeddable":true,"href":"https:\/\/nanohap.eu\/en\/wp-json\/wp\/v2\/comments?post=17877"}],"version-history":[{"count":0,"href":"https:\/\/nanohap.eu\/en\/wp-json\/wp\/v2\/product\/17877\/revisions"}],"wp:featuredmedia":[{"embeddable":true,"href":"https:\/\/nanohap.eu\/en\/wp-json\/wp\/v2\/media\/17792"}],"wp:attachment":[{"href":"https:\/\/nanohap.eu\/en\/wp-json\/wp\/v2\/media?parent=17877"}],"wp:term":[{"taxonomy":"product_brand","embeddable":true,"href":"https:\/\/nanohap.eu\/en\/wp-json\/wp\/v2\/product_brand?post=17877"},{"taxonomy":"product_cat","embeddable":true,"href":"https:\/\/nanohap.eu\/en\/wp-json\/wp\/v2\/product_cat?post=17877"},{"taxonomy":"product_tag","embeddable":true,"href":"https:\/\/nanohap.eu\/en\/wp-json\/wp\/v2\/product_tag?post=17877"}],"curies":[{"name":"wp","href":"https:\/\/api.w.org\/{rel}","templated":true}]}}